{"id":13533,"date":"2022-08-08T14:35:49","date_gmt":"2022-08-08T12:35:49","guid":{"rendered":"https:\/\/seabis.de\/?page_id=13533"},"modified":"2022-10-27T10:57:24","modified_gmt":"2022-10-27T08:57:24","slug":"impressum","status":"publish","type":"page","link":"https:\/\/seabis.de\/en\/impressum\/","title":{"rendered":"Impressum"},"content":{"rendered":"<div  class='flex_column av-316y5d-50f55b408fa4f6a6fe63ca0da6d4c052 av_one_full  avia-builder-el-0  avia-builder-el-no-sibling  first flex_column_div  '     ><section  class='av_textblock_section av-jioi66zl-4eb139f014683b70f34b3cc2c205b3fc '   itemscope=\"itemscope\" itemtype=\"https:\/\/schema.org\/CreativeWork\" ><div class='avia_textblock'  itemprop=\"text\" ><h2>Information pursuant to Sect. 5 German Telemedia Act (TMG)<\/h2>\n<p>SeaBis GmbH<br \/>\nBuchholter Stra\u00dfe 7<br \/>\n47589 Uedem<\/p>\n<p>Commercial Register: HRB 8930<br \/>\nRegistration court: Amtsgericht Kleve<\/p>\n<p><strong>Represented by:<\/strong><br \/>\nGech\u00e4ftsf\u00fchrerin: Nadja M\u00fcller<\/p>\n<h2>Contact<\/h2>\n<p>Phone: 0049 \/ 28 25 \/ 100 347<br \/>\nTelefax: 0049 \/ 2825 \/ 100348<br \/>\nE-mail: info@seabis.de<\/p>\n<h2>VAT ID<\/h2>\n<p>Sales tax identification number according to Sect. 27 a of the Sales Tax Law:<br \/>\nDE814761002<\/p>\n<h2>EU dispute resolution<\/h2>\n<p>The European Commission provides a platform for online dispute resolution (ODR): <a href=\"https:\/\/ec.europa.eu\/consumers\/odr\/\" target=\"_blank\" rel=\"noopener noreferrer\">https:\/\/ec.europa.eu\/consumers\/odr\/<\/a>.<br \/>\nOur e-mail address can be found above in the site notice.<\/p>\n<h2>Dispute resolution proceedings in front of a consumer arbitration board<\/h2>\n<p>We are not willing or obliged to participate in dispute resolution proceedings in front of a consumer arbitration board.<\/p>\n<\/div><\/section><\/div>\n","protected":false},"excerpt":{"rendered":"","protected":false},"author":2,"featured_media":0,"parent":0,"menu_order":0,"comment_status":"open","ping_status":"open","template":"","meta":{"footnotes":""},"class_list":["post-13533","page","type-page","status-publish","hentry"],"_links":{"self":[{"href":"https:\/\/seabis.de\/en\/wp-json\/wp\/v2\/pages\/13533","targetHints":{"allow":["GET"]}}],"collection":[{"href":"https:\/\/seabis.de\/en\/wp-json\/wp\/v2\/pages"}],"about":[{"href":"https:\/\/seabis.de\/en\/wp-json\/wp\/v2\/types\/page"}],"author":[{"embeddable":true,"href":"https:\/\/seabis.de\/en\/wp-json\/wp\/v2\/users\/2"}],"replies":[{"embeddable":true,"href":"https:\/\/seabis.de\/en\/wp-json\/wp\/v2\/comments?post=13533"}],"version-history":[{"count":6,"href":"https:\/\/seabis.de\/en\/wp-json\/wp\/v2\/pages\/13533\/revisions"}],"predecessor-version":[{"id":15144,"href":"https:\/\/seabis.de\/en\/wp-json\/wp\/v2\/pages\/13533\/revisions\/15144"}],"wp:attachment":[{"href":"https:\/\/seabis.de\/en\/wp-json\/wp\/v2\/media?parent=13533"}],"curies":[{"name":"wp","href":"https:\/\/api.w.org\/{rel}","templated":true}]}}